{"id":12,"date":"2022-08-12T06:06:50","date_gmt":"2022-08-12T06:06:50","guid":{"rendered":"http:\/\/www.tilineuvo.fi\/?page_id=12"},"modified":"2024-11-14T13:46:37","modified_gmt":"2024-11-14T13:46:37","slug":"tilineuvo-oy-tilitoimisto","status":"publish","type":"page","link":"https:\/\/www.tilineuvo.fi\/","title":{"rendered":"Tilineuvo Oy"},"content":{"rendered":"\n<figure class=\"wp-block-image size-large\"><img loading=\"lazy\" decoding=\"async\" width=\"1024\" height=\"578\" src=\"https:\/\/www.tilineuvo.fi\/wp-content\/uploads\/2024\/11\/Kultsa-ulko-web-1024x578.jpg\" alt=\"\" class=\"wp-image-71\" srcset=\"https:\/\/www.tilineuvo.fi\/wp-content\/uploads\/2024\/11\/Kultsa-ulko-web-1024x578.jpg 1024w, https:\/\/www.tilineuvo.fi\/wp-content\/uploads\/2024\/11\/Kultsa-ulko-web-300x169.jpg 300w, https:\/\/www.tilineuvo.fi\/wp-content\/uploads\/2024\/11\/Kultsa-ulko-web-768x433.jpg 768w, https:\/\/www.tilineuvo.fi\/wp-content\/uploads\/2024\/11\/Kultsa-ulko-web.jpg 1522w\" sizes=\"auto, (max-width: 1024px) 100vw, 1024px\" \/><\/figure>\n\n\n\n<p>Yhti\u00f6mme yksil\u00f6lliseen palvelutarjontaan kuuluu kaikki kirjanpitoon liittyv\u00e4t ty\u00f6t.<br>\u2022 Kirjanpito<br>\u2022 Alv- ja veroasiat<br>\u2022 Veroilmoitukset<br>\u2022 Palkanlaskenta<br>\u2022 Perustamiset ja purkamiset<br>\u2022 Tilinp\u00e4\u00e4t\u00f6kset<br>\u2022 S\u00e4hk\u00f6inen taloushallinto, Procountor ohjelmalla<br>\u2022 Perinteinen taloushallinto, Fivaldi ohjelmalla<\/p>\n\n\n\n<p>Yhti\u00f6n perusti Pentti Taavitsainen, joka j\u00e4i ansaitulle el\u00e4kkeelle vuoden 2010 aikana.Yhti\u00f6n toimintaa jatkaa vuonna 1987 mukaan tullut Mikko Taavitsainen\u00a0KLT.<\/p>\n\n\n\n<p>Tilineuvo Oy<br>Sturenkatu 4,&nbsp;&nbsp;00510 Helsinki<br>(Helsingin Kulttuuritalo)<br>Puh (09) 737 763<br>mikko[\u00e4t]tilineuvo.fi<\/p>\n\n\n\n<p><\/p>\n","protected":false},"excerpt":{"rendered":"<p>Yhti\u00f6mme yksil\u00f6lliseen palvelutarjontaan kuuluu kaikki kirjanpitoon liittyv\u00e4t ty\u00f6t.\u2022 Kirjanpito\u2022 Alv- ja veroasiat\u2022 Veroilmoitukset\u2022 Palkanlaskenta\u2022 Perustamiset ja purkamiset\u2022 Tilinp\u00e4\u00e4t\u00f6kset\u2022 S\u00e4hk\u00f6inen taloushallinto, Procountor ohjelmalla\u2022 Perinteinen taloushallinto, Fivaldi ohjelmalla Yhti\u00f6n perusti Pentti Taavitsainen, joka j\u00e4i ansaitulle el\u00e4kkeelle vuoden 2010 aikana.Yhti\u00f6n toimintaa jatkaa vuonna 1987 mukaan tullut Mikko Taavitsainen\u00a0KLT. Tilineuvo OySturenkatu 4,&nbsp;&nbsp;00510 Helsinki(Helsingin Kulttuuritalo)Puh (09) 737 763mikko[\u00e4t]tilineuvo.fi<\/p>\n","protected":false},"author":1,"featured_media":0,"parent":0,"menu_order":0,"comment_status":"closed","ping_status":"closed","template":"","meta":{"footnotes":""},"class_list":["post-12","page","type-page","status-publish","hentry","entry"],"yoast_head":"<!-- This site is optimized with the Yoast SEO plugin v23.8 - https:\/\/yoast.com\/wordpress\/plugins\/seo\/ -->\n<title>Tilineuvo Oy - Tilineuvo Oy<\/title>\n<meta name=\"description\" content=\"Tilitoimisto Tilineuvo tarjoaa luotettavat ja asiantuntevat kirjanpitopalvelut yrityksille. Ota yhteytt\u00e4 ja huolehdi taloushallinnosta helposti ja tehokkaasti. Tutustu palveluihimme!&quot; Tilitoimisto Tilineuvo on asiantunteva kumppani yrityksesi taloushallinnossa. Tutustu meihin ja tapamme tarjota henkil\u00f6kohtaista ja luotettavaa palvelua joka tilanteeseen.\" \/>\n<meta name=\"robots\" content=\"index, follow, max-snippet:-1, max-image-preview:large, max-video-preview:-1\" \/>\n<link rel=\"canonical\" href=\"https:\/\/www.tilineuvo.fi\/\" \/>\n<meta property=\"og:locale\" content=\"fi_FI\" \/>\n<meta property=\"og:type\" content=\"article\" \/>\n<meta property=\"og:title\" content=\"Tilineuvo Oy - Tilineuvo Oy\" \/>\n<meta property=\"og:description\" content=\"Tilitoimisto Tilineuvo tarjoaa luotettavat ja asiantuntevat kirjanpitopalvelut yrityksille. Ota yhteytt\u00e4 ja huolehdi taloushallinnosta helposti ja tehokkaasti. Tutustu palveluihimme!&quot; Tilitoimisto Tilineuvo on asiantunteva kumppani yrityksesi taloushallinnossa. Tutustu meihin ja tapamme tarjota henkil\u00f6kohtaista ja luotettavaa palvelua joka tilanteeseen.\" \/>\n<meta property=\"og:url\" content=\"https:\/\/www.tilineuvo.fi\/\" \/>\n<meta property=\"og:site_name\" content=\"Tilineuvo Oy\" \/>\n<meta property=\"article:modified_time\" content=\"2024-11-14T13:46:37+00:00\" \/>\n<meta property=\"og:image\" content=\"https:\/\/www.tilineuvo.fi\/wp-content\/uploads\/2024\/11\/Kultsa-ulko-web.jpg\" \/>\n\t<meta property=\"og:image:width\" content=\"1522\" \/>\n\t<meta property=\"og:image:height\" content=\"859\" \/>\n\t<meta property=\"og:image:type\" content=\"image\/jpeg\" \/>\n<meta name=\"twitter:card\" content=\"summary_large_image\" \/>\n<meta name=\"twitter:label1\" content=\"Arvioitu lukuaika\" \/>\n\t<meta name=\"twitter:data1\" content=\"1 minuutti\" \/>\n<script type=\"application\/ld+json\" class=\"yoast-schema-graph\">{\"@context\":\"https:\/\/schema.org\",\"@graph\":[{\"@type\":\"WebPage\",\"@id\":\"https:\/\/www.tilineuvo.fi\/\",\"url\":\"https:\/\/www.tilineuvo.fi\/\",\"name\":\"Tilineuvo Oy - Tilineuvo Oy\",\"isPartOf\":{\"@id\":\"https:\/\/www.tilineuvo.fi\/#website\"},\"primaryImageOfPage\":{\"@id\":\"https:\/\/www.tilineuvo.fi\/#primaryimage\"},\"image\":{\"@id\":\"https:\/\/www.tilineuvo.fi\/#primaryimage\"},\"thumbnailUrl\":\"https:\/\/www.tilineuvo.fi\/wp-content\/uploads\/2024\/11\/Kultsa-ulko-web-1024x578.jpg\",\"datePublished\":\"2022-08-12T06:06:50+00:00\",\"dateModified\":\"2024-11-14T13:46:37+00:00\",\"description\":\"Tilitoimisto Tilineuvo tarjoaa luotettavat ja asiantuntevat kirjanpitopalvelut yrityksille. Ota yhteytt\u00e4 ja huolehdi taloushallinnosta helposti ja tehokkaasti. Tutustu palveluihimme!\\\" Tilitoimisto Tilineuvo on asiantunteva kumppani yrityksesi taloushallinnossa. Tutustu meihin ja tapamme tarjota henkil\u00f6kohtaista ja luotettavaa palvelua joka tilanteeseen.\",\"breadcrumb\":{\"@id\":\"https:\/\/www.tilineuvo.fi\/#breadcrumb\"},\"inLanguage\":\"fi\",\"potentialAction\":[{\"@type\":\"ReadAction\",\"target\":[\"https:\/\/www.tilineuvo.fi\/\"]}]},{\"@type\":\"ImageObject\",\"inLanguage\":\"fi\",\"@id\":\"https:\/\/www.tilineuvo.fi\/#primaryimage\",\"url\":\"https:\/\/www.tilineuvo.fi\/wp-content\/uploads\/2024\/11\/Kultsa-ulko-web.jpg\",\"contentUrl\":\"https:\/\/www.tilineuvo.fi\/wp-content\/uploads\/2024\/11\/Kultsa-ulko-web.jpg\",\"width\":1522,\"height\":859},{\"@type\":\"BreadcrumbList\",\"@id\":\"https:\/\/www.tilineuvo.fi\/#breadcrumb\",\"itemListElement\":[{\"@type\":\"ListItem\",\"position\":1,\"name\":\"Etusivu\",\"item\":\"https:\/\/www.tilineuvo.fi\/\"},{\"@type\":\"ListItem\",\"position\":2,\"name\":\"Tilineuvo Oy\"}]},{\"@type\":\"WebSite\",\"@id\":\"https:\/\/www.tilineuvo.fi\/#website\",\"url\":\"https:\/\/www.tilineuvo.fi\/\",\"name\":\"Tilineuvo Oy\",\"description\":\"Neuvokasta tilinpitoa\",\"publisher\":{\"@id\":\"https:\/\/www.tilineuvo.fi\/#organization\"},\"potentialAction\":[{\"@type\":\"SearchAction\",\"target\":{\"@type\":\"EntryPoint\",\"urlTemplate\":\"https:\/\/www.tilineuvo.fi\/?s={search_term_string}\"},\"query-input\":{\"@type\":\"PropertyValueSpecification\",\"valueRequired\":true,\"valueName\":\"search_term_string\"}}],\"inLanguage\":\"fi\"},{\"@type\":\"Organization\",\"@id\":\"https:\/\/www.tilineuvo.fi\/#organization\",\"name\":\"Tilineuvo Oy\",\"url\":\"https:\/\/www.tilineuvo.fi\/\",\"logo\":{\"@type\":\"ImageObject\",\"inLanguage\":\"fi\",\"@id\":\"https:\/\/www.tilineuvo.fi\/#\/schema\/logo\/image\/\",\"url\":\"https:\/\/www.tilineuvo.fi\/wp-content\/uploads\/2022\/08\/logo.gif\",\"contentUrl\":\"https:\/\/www.tilineuvo.fi\/wp-content\/uploads\/2022\/08\/logo.gif\",\"width\":150,\"height\":100,\"caption\":\"Tilineuvo Oy\"},\"image\":{\"@id\":\"https:\/\/www.tilineuvo.fi\/#\/schema\/logo\/image\/\"}}]}<\/script>\n<!-- \/ Yoast SEO plugin. -->","yoast_head_json":{"title":"Tilineuvo Oy - Tilineuvo Oy","description":"Tilitoimisto Tilineuvo tarjoaa luotettavat ja asiantuntevat kirjanpitopalvelut yrityksille. Ota yhteytt\u00e4 ja huolehdi taloushallinnosta helposti ja tehokkaasti. Tutustu palveluihimme!\" Tilitoimisto Tilineuvo on asiantunteva kumppani yrityksesi taloushallinnossa. Tutustu meihin ja tapamme tarjota henkil\u00f6kohtaista ja luotettavaa palvelua joka tilanteeseen.","robots":{"index":"index","follow":"follow","max-snippet":"max-snippet:-1","max-image-preview":"max-image-preview:large","max-video-preview":"max-video-preview:-1"},"canonical":"https:\/\/www.tilineuvo.fi\/","og_locale":"fi_FI","og_type":"article","og_title":"Tilineuvo Oy - Tilineuvo Oy","og_description":"Tilitoimisto Tilineuvo tarjoaa luotettavat ja asiantuntevat kirjanpitopalvelut yrityksille. Ota yhteytt\u00e4 ja huolehdi taloushallinnosta helposti ja tehokkaasti. Tutustu palveluihimme!\" Tilitoimisto Tilineuvo on asiantunteva kumppani yrityksesi taloushallinnossa. Tutustu meihin ja tapamme tarjota henkil\u00f6kohtaista ja luotettavaa palvelua joka tilanteeseen.","og_url":"https:\/\/www.tilineuvo.fi\/","og_site_name":"Tilineuvo Oy","article_modified_time":"2024-11-14T13:46:37+00:00","og_image":[{"width":1522,"height":859,"url":"https:\/\/www.tilineuvo.fi\/wp-content\/uploads\/2024\/11\/Kultsa-ulko-web.jpg","type":"image\/jpeg"}],"twitter_card":"summary_large_image","twitter_misc":{"Arvioitu lukuaika":"1 minuutti"},"schema":{"@context":"https:\/\/schema.org","@graph":[{"@type":"WebPage","@id":"https:\/\/www.tilineuvo.fi\/","url":"https:\/\/www.tilineuvo.fi\/","name":"Tilineuvo Oy - Tilineuvo Oy","isPartOf":{"@id":"https:\/\/www.tilineuvo.fi\/#website"},"primaryImageOfPage":{"@id":"https:\/\/www.tilineuvo.fi\/#primaryimage"},"image":{"@id":"https:\/\/www.tilineuvo.fi\/#primaryimage"},"thumbnailUrl":"https:\/\/www.tilineuvo.fi\/wp-content\/uploads\/2024\/11\/Kultsa-ulko-web-1024x578.jpg","datePublished":"2022-08-12T06:06:50+00:00","dateModified":"2024-11-14T13:46:37+00:00","description":"Tilitoimisto Tilineuvo tarjoaa luotettavat ja asiantuntevat kirjanpitopalvelut yrityksille. Ota yhteytt\u00e4 ja huolehdi taloushallinnosta helposti ja tehokkaasti. Tutustu palveluihimme!\" Tilitoimisto Tilineuvo on asiantunteva kumppani yrityksesi taloushallinnossa. Tutustu meihin ja tapamme tarjota henkil\u00f6kohtaista ja luotettavaa palvelua joka tilanteeseen.","breadcrumb":{"@id":"https:\/\/www.tilineuvo.fi\/#breadcrumb"},"inLanguage":"fi","potentialAction":[{"@type":"ReadAction","target":["https:\/\/www.tilineuvo.fi\/"]}]},{"@type":"ImageObject","inLanguage":"fi","@id":"https:\/\/www.tilineuvo.fi\/#primaryimage","url":"https:\/\/www.tilineuvo.fi\/wp-content\/uploads\/2024\/11\/Kultsa-ulko-web.jpg","contentUrl":"https:\/\/www.tilineuvo.fi\/wp-content\/uploads\/2024\/11\/Kultsa-ulko-web.jpg","width":1522,"height":859},{"@type":"BreadcrumbList","@id":"https:\/\/www.tilineuvo.fi\/#breadcrumb","itemListElement":[{"@type":"ListItem","position":1,"name":"Etusivu","item":"https:\/\/www.tilineuvo.fi\/"},{"@type":"ListItem","position":2,"name":"Tilineuvo Oy"}]},{"@type":"WebSite","@id":"https:\/\/www.tilineuvo.fi\/#website","url":"https:\/\/www.tilineuvo.fi\/","name":"Tilineuvo Oy","description":"Neuvokasta tilinpitoa","publisher":{"@id":"https:\/\/www.tilineuvo.fi\/#organization"},"potentialAction":[{"@type":"SearchAction","target":{"@type":"EntryPoint","urlTemplate":"https:\/\/www.tilineuvo.fi\/?s={search_term_string}"},"query-input":{"@type":"PropertyValueSpecification","valueRequired":true,"valueName":"search_term_string"}}],"inLanguage":"fi"},{"@type":"Organization","@id":"https:\/\/www.tilineuvo.fi\/#organization","name":"Tilineuvo Oy","url":"https:\/\/www.tilineuvo.fi\/","logo":{"@type":"ImageObject","inLanguage":"fi","@id":"https:\/\/www.tilineuvo.fi\/#\/schema\/logo\/image\/","url":"https:\/\/www.tilineuvo.fi\/wp-content\/uploads\/2022\/08\/logo.gif","contentUrl":"https:\/\/www.tilineuvo.fi\/wp-content\/uploads\/2022\/08\/logo.gif","width":150,"height":100,"caption":"Tilineuvo Oy"},"image":{"@id":"https:\/\/www.tilineuvo.fi\/#\/schema\/logo\/image\/"}}]}},"_links":{"self":[{"href":"https:\/\/www.tilineuvo.fi\/index.php\/wp-json\/wp\/v2\/pages\/12","targetHints":{"allow":["GET"]}}],"collection":[{"href":"https:\/\/www.tilineuvo.fi\/index.php\/wp-json\/wp\/v2\/pages"}],"about":[{"href":"https:\/\/www.tilineuvo.fi\/index.php\/wp-json\/wp\/v2\/types\/page"}],"author":[{"embeddable":true,"href":"https:\/\/www.tilineuvo.fi\/index.php\/wp-json\/wp\/v2\/users\/1"}],"replies":[{"embeddable":true,"href":"https:\/\/www.tilineuvo.fi\/index.php\/wp-json\/wp\/v2\/comments?post=12"}],"version-history":[{"count":7,"href":"https:\/\/www.tilineuvo.fi\/index.php\/wp-json\/wp\/v2\/pages\/12\/revisions"}],"predecessor-version":[{"id":73,"href":"https:\/\/www.tilineuvo.fi\/index.php\/wp-json\/wp\/v2\/pages\/12\/revisions\/73"}],"wp:attachment":[{"href":"https:\/\/www.tilineuvo.fi\/index.php\/wp-json\/wp\/v2\/media?parent=12"}],"curies":[{"name":"wp","href":"https:\/\/api.w.org\/{rel}","templated":true}]}}